{"id":3910,"date":"2023-01-23T15:37:17","date_gmt":"2023-01-23T20:37:17","guid":{"rendered":"https:\/\/tramwaygatineauottawa.ca\/trace\/"},"modified":"2024-04-10T15:30:22","modified_gmt":"2024-04-10T19:30:22","slug":"trace","status":"publish","type":"page","link":"https:\/\/tramwaygatineauottawa.ca\/en\/trace\/","title":{"rendered":"Circuit"},"content":{"rendered":"\n<div class=\"wp-block-cover alignfull is-light is-style-title-banner\"><span aria-hidden=\"true\" class=\"wp-block-cover__background has-background-dim\"><\/span><img decoding=\"async\" width=\"2560\" height=\"1707\" class=\"wp-block-cover__image-background wp-image-28 lazyload\" alt=\"\" data-src=\"https:\/\/tramwaygatineauottawa.ca\/wp-content\/uploads\/2022\/06\/banner-scaled.jpg\" data-object-fit=\"cover\" data-srcset=\"https:\/\/tramwaygatineauottawa.ca\/wp-content\/uploads\/2022\/06\/banner-scaled.jpg 2560w, https:\/\/tramwaygatineauottawa.ca\/wp-content\/uploads\/2022\/06\/banner-300x200.jpg 300w, https:\/\/tramwaygatineauottawa.ca\/wp-content\/uploads\/2022\/06\/banner-1024x683.jpg 1024w, https:\/\/tramwaygatineauottawa.ca\/wp-content\/uploads\/2022\/06\/banner-768x512.jpg 768w, https:\/\/tramwaygatineauottawa.ca\/wp-content\/uploads\/2022\/06\/banner-1536x1024.jpg 1536w, https:\/\/tramwaygatineauottawa.ca\/wp-content\/uploads\/2022\/06\/banner-2048x1366.jpg 2048w\" data-sizes=\"(max-width: 2560px) 100vw, 2560px\" src=\"data:image\/svg+xml;base64,PHN2ZyB3aWR0aD0iMSIgaGVpZ2h0PSIxIiB4bWxucz0iaHR0cDovL3d3dy53My5vcmcvMjAwMC9zdmciPjwvc3ZnPg==\" style=\"--smush-placeholder-width: 2560px; --smush-placeholder-aspect-ratio: 2560\/1707;\" \/><div class=\"wp-block-cover__inner-container\"><h1 class=\"wp-block-post-title\">Circuit<\/h1><\/div><\/div>\n\n\n\n<div class=\"wp-block-group alignfull has-padding-y-large has-accent-background-color has-background\"><div class=\"yoast-breadcrumbs alignwide \"><span class=\"breadcrumbs\"><a href=\"https:\/\/tramwaygatineauottawa.ca\/en\/\" class=\"breadcrumbs__element\">Accueil<\/a> <span class=\"breadcrumbs__separator\">\n        <svg class=\"icon icon-breadcrumb__separator\"><use xlink:href=\"#icon-breadcrumb__separator\"><\/use><\/svg>\n    <\/span> <span class=\"breadcrumbs__element breadcrumbs__element-current\">Circuit<\/span><\/span><\/div><\/div>\n\n\n\n<h1 class=\"wp-block-heading\">The optimal circuit<\/h1>\n\n\n\n<div class=\"wp-block-group is-style-section-hover has-accent-lighter-background-color has-background\">\n<h2 class=\"wp-block-heading\">Circuit map<\/h2>\n\n\n\n<p class=\"wp-block-paragraph\">The tram will connect Gatineau\u2019s west end to the Gatineau and Ottawa downtowns, and its circuit will align with the existing major public transit axes. In this way, it will enhance access to the region\u2019s cultural, professional and commercial hubs.<\/p>\n\n\n\n<div class=\"wp-block-buttons\">\n<div class=\"wp-block-button is-style-fill\"><a class=\"wp-block-button__link wp-element-button\" href=\"https:\/\/tramwaygatineauottawa.ca\/en\/trace\/circuit\/\" target=\"_blank\" rel=\"noreferrer noopener\">Learn more <img decoding=\"async\" width=\"20\" height=\"12\" class=\"wp-image-1422 lazyload\" style=\"--smush-placeholder-width: 20px; --smush-placeholder-aspect-ratio: 20\/12;width: 20px;\" data-src=\"https:\/\/tramwaygatineauottawa.ca\/wp-content\/uploads\/2022\/08\/arrow.svg\" alt=\"\" src=\"data:image\/svg+xml;base64,PHN2ZyB3aWR0aD0iMSIgaGVpZ2h0PSIxIiB4bWxucz0iaHR0cDovL3d3dy53My5vcmcvMjAwMC9zdmciPjwvc3ZnPg==\"><\/a><\/div>\n<\/div>\n<\/div>\n\n\n\n<div class=\"wp-block-group is-style-section-hover has-accent-lighter-background-color has-background\">\n<h2 class=\"wp-block-heading\">Allumetti\u00e8res vs Alexandre-Tach\u00e9<\/h2>\n\n\n\n<p class=\"wp-block-paragraph\">Why run the tram along boulevard Alexandre-Tach\u00e9\/Lucerne instead of boulevard des Allumetti\u00e8res?<\/p>\n\n\n\n<div class=\"wp-block-buttons\">\n<div class=\"wp-block-button is-style-fill\"><a class=\"wp-block-button__link wp-element-button\" href=\"https:\/\/tramwaygatineauottawa.ca\/en\/trace\/allumettieres_a-tache\/\" target=\"_blank\" rel=\"noreferrer noopener\">Learn more <img decoding=\"async\" width=\"20\" height=\"12\" class=\"wp-image-1422 lazyload\" style=\"--smush-placeholder-width: 20px; --smush-placeholder-aspect-ratio: 20\/12;width: 20px;\" data-src=\"https:\/\/tramwaygatineauottawa.ca\/wp-content\/uploads\/2022\/08\/arrow.svg\" alt=\"\" src=\"data:image\/svg+xml;base64,PHN2ZyB3aWR0aD0iMSIgaGVpZ2h0PSIxIiB4bWxucz0iaHR0cDovL3d3dy53My5vcmcvMjAwMC9zdmciPjwvc3ZnPg==\"><\/a><\/div>\n<\/div>\n<\/div>\n\n\n\n<div class=\"wp-block-group alignfull\">\n<div style=\"height:50px\" aria-hidden=\"true\" class=\"wp-block-spacer\"><\/div>\n\n\n\n<p class=\"has-small-font-size wp-block-paragraph\"><strong><em>Who can view this page?<\/em><\/strong><\/p>\n\n\n\n<p class=\"has-small-font-size wp-block-paragraph\"><em>This content is intended for the public covered by the exceptions of the Charter of the French language and its regulations. If you read on, you confirm that you fall within one of these <a href=\"https:\/\/www.quebec.ca\/en\/government\/policies-orientations\/french-language\/modernization-charter-french-language#c214034\" target=\"_blank\" rel=\"noreferrer noopener\">exceptions<\/a>.<\/em><\/p>\n<\/div>\n","protected":false},"excerpt":{"rendered":"<p>The optimal circuit Circuit map The tram will connect Gatineau\u2019s west end to the Gatineau and Ottawa downtowns, and its circuit will align with the existing major public transit axes. In this way, it will enhance access to the region\u2019s cultural, professional and commercial hubs. Allumetti\u00e8res vs Alexandre-Tach\u00e9 Why run the tram along boulevard Alexandre-Tach\u00e9\/Lucerne instead of boulevard des Allumetti\u00e8res?<\/p>\n","protected":false},"author":5,"featured_media":0,"parent":0,"menu_order":9,"comment_status":"closed","ping_status":"closed","template":"","meta":{"_acf_changed":false,"_crdt_document":"","inline_featured_image":false,"footnotes":""},"class_list":["post-3910","page","type-page","status-publish","hentry"],"acf":[],"yoast_head":"<!-- This site is optimized with the Yoast SEO plugin v27.4 - https:\/\/yoast.com\/product\/yoast-seo-wordpress\/ -->\n<title>Circuit - Gatineau-Ottawa tram<\/title>\n<meta name=\"robots\" content=\"index, follow, max-snippet:-1, max-image-preview:large, max-video-preview:-1\" \/>\n<link rel=\"canonical\" href=\"https:\/\/tramwaygatineauottawa.ca\/en\/trace\/\" \/>\n<meta property=\"og:locale\" content=\"en_US\" \/>\n<meta property=\"og:type\" content=\"article\" \/>\n<meta property=\"og:title\" content=\"Circuit - Gatineau-Ottawa tram\" \/>\n<meta property=\"og:description\" content=\"The optimal circuit Circuit map The tram will connect Gatineau\u2019s west end to the Gatineau and Ottawa downtowns, and its circuit will align with the existing major public transit axes. In this way, it will enhance access to the region\u2019s cultural, professional and commercial hubs. Allumetti\u00e8res vs Alexandre-Tach\u00e9 Why run the tram along boulevard Alexandre-Tach\u00e9\/Lucerne instead of boulevard des Allumetti\u00e8res?\" \/>\n<meta property=\"og:url\" content=\"https:\/\/tramwaygatineauottawa.ca\/en\/trace\/\" \/>\n<meta property=\"og:site_name\" content=\"Tramway Gatineau-Ottawa\" \/>\n<meta property=\"article:publisher\" content=\"https:\/\/www.facebook.com\/Tramway-Gatineau-Ottawa-108250335274458\" \/>\n<meta property=\"article:modified_time\" content=\"2024-04-10T19:30:22+00:00\" \/>\n<meta property=\"og:image\" content=\"https:\/\/tramwaygatineauottawa.ca\/wp-content\/uploads\/2022\/06\/banner-scaled.jpg\" \/>\n<meta name=\"twitter:card\" content=\"summary_large_image\" \/>\n<meta name=\"twitter:label1\" content=\"Est. reading time\" \/>\n\t<meta name=\"twitter:data1\" content=\"2 minutes\" \/>\n<script type=\"application\/ld+json\" class=\"yoast-schema-graph\">{\"@context\":\"https:\\\/\\\/schema.org\",\"@graph\":[{\"@type\":\"WebPage\",\"@id\":\"https:\\\/\\\/tramwaygatineauottawa.ca\\\/en\\\/trace\\\/\",\"url\":\"https:\\\/\\\/tramwaygatineauottawa.ca\\\/en\\\/trace\\\/\",\"name\":\"Circuit - Gatineau-Ottawa tram\",\"isPartOf\":{\"@id\":\"https:\\\/\\\/tramwaygatineauottawa.ca\\\/en\\\/#website\"},\"primaryImageOfPage\":{\"@id\":\"https:\\\/\\\/tramwaygatineauottawa.ca\\\/en\\\/trace\\\/#primaryimage\"},\"image\":{\"@id\":\"https:\\\/\\\/tramwaygatineauottawa.ca\\\/en\\\/trace\\\/#primaryimage\"},\"thumbnailUrl\":\"https:\\\/\\\/tramwaygatineauottawa.ca\\\/wp-content\\\/uploads\\\/2022\\\/06\\\/banner-scaled.jpg\",\"datePublished\":\"2023-01-23T20:37:17+00:00\",\"dateModified\":\"2024-04-10T19:30:22+00:00\",\"breadcrumb\":{\"@id\":\"https:\\\/\\\/tramwaygatineauottawa.ca\\\/en\\\/trace\\\/#breadcrumb\"},\"inLanguage\":\"en-CA\",\"potentialAction\":[{\"@type\":\"ReadAction\",\"target\":[\"https:\\\/\\\/tramwaygatineauottawa.ca\\\/en\\\/trace\\\/\"]}]},{\"@type\":\"ImageObject\",\"inLanguage\":\"en-CA\",\"@id\":\"https:\\\/\\\/tramwaygatineauottawa.ca\\\/en\\\/trace\\\/#primaryimage\",\"url\":\"https:\\\/\\\/tramwaygatineauottawa.ca\\\/wp-content\\\/uploads\\\/2022\\\/06\\\/banner-scaled.jpg\",\"contentUrl\":\"https:\\\/\\\/tramwaygatineauottawa.ca\\\/wp-content\\\/uploads\\\/2022\\\/06\\\/banner-scaled.jpg\"},{\"@type\":\"BreadcrumbList\",\"@id\":\"https:\\\/\\\/tramwaygatineauottawa.ca\\\/en\\\/trace\\\/#breadcrumb\",\"itemListElement\":[{\"@type\":\"ListItem\",\"position\":1,\"name\":\"Accueil\",\"item\":\"https:\\\/\\\/tramwaygatineauottawa.ca\\\/en\\\/\"},{\"@type\":\"ListItem\",\"position\":2,\"name\":\"Circuit\"}]},{\"@type\":\"WebSite\",\"@id\":\"https:\\\/\\\/tramwaygatineauottawa.ca\\\/en\\\/#website\",\"url\":\"https:\\\/\\\/tramwaygatineauottawa.ca\\\/en\\\/\",\"name\":\"Tramway Gatineau-Ottawa\",\"description\":\"\",\"publisher\":{\"@id\":\"https:\\\/\\\/tramwaygatineauottawa.ca\\\/en\\\/#organization\"},\"potentialAction\":[{\"@type\":\"SearchAction\",\"target\":{\"@type\":\"EntryPoint\",\"urlTemplate\":\"https:\\\/\\\/tramwaygatineauottawa.ca\\\/en\\\/?s={search_term_string}\"},\"query-input\":{\"@type\":\"PropertyValueSpecification\",\"valueRequired\":true,\"valueName\":\"search_term_string\"}}],\"inLanguage\":\"en-CA\"},{\"@type\":\"Organization\",\"@id\":\"https:\\\/\\\/tramwaygatineauottawa.ca\\\/en\\\/#organization\",\"name\":\"Tramway Gatineau-Ottawa\",\"url\":\"https:\\\/\\\/tramwaygatineauottawa.ca\\\/en\\\/\",\"logo\":{\"@type\":\"ImageObject\",\"inLanguage\":\"en-CA\",\"@id\":\"https:\\\/\\\/tramwaygatineauottawa.ca\\\/en\\\/#\\\/schema\\\/logo\\\/image\\\/\",\"url\":\"https:\\\/\\\/tramwaygatineauottawa.ca\\\/wp-content\\\/uploads\\\/2022\\\/06\\\/Logo.svg\",\"contentUrl\":\"https:\\\/\\\/tramwaygatineauottawa.ca\\\/wp-content\\\/uploads\\\/2022\\\/06\\\/Logo.svg\",\"caption\":\"Tramway Gatineau-Ottawa\"},\"image\":{\"@id\":\"https:\\\/\\\/tramwaygatineauottawa.ca\\\/en\\\/#\\\/schema\\\/logo\\\/image\\\/\"},\"sameAs\":[\"https:\\\/\\\/www.facebook.com\\\/Tramway-Gatineau-Ottawa-108250335274458\",\"https:\\\/\\\/www.youtube.com\\\/channel\\\/UCG-j155C6UYBLFRQM2dieKQ\",\"https:\\\/\\\/www.linkedin.com\\\/company\\\/tramwaygatineauottawa\"]}]}<\/script>\n<!-- \/ Yoast SEO plugin. -->","yoast_head_json":{"title":"Circuit - Gatineau-Ottawa tram","robots":{"index":"index","follow":"follow","max-snippet":"max-snippet:-1","max-image-preview":"max-image-preview:large","max-video-preview":"max-video-preview:-1"},"canonical":"https:\/\/tramwaygatineauottawa.ca\/en\/trace\/","og_locale":"en_US","og_type":"article","og_title":"Circuit - Gatineau-Ottawa tram","og_description":"The optimal circuit Circuit map The tram will connect Gatineau\u2019s west end to the Gatineau and Ottawa downtowns, and its circuit will align with the existing major public transit axes. In this way, it will enhance access to the region\u2019s cultural, professional and commercial hubs. Allumetti\u00e8res vs Alexandre-Tach\u00e9 Why run the tram along boulevard Alexandre-Tach\u00e9\/Lucerne instead of boulevard des Allumetti\u00e8res?","og_url":"https:\/\/tramwaygatineauottawa.ca\/en\/trace\/","og_site_name":"Tramway Gatineau-Ottawa","article_publisher":"https:\/\/www.facebook.com\/Tramway-Gatineau-Ottawa-108250335274458","article_modified_time":"2024-04-10T19:30:22+00:00","og_image":[{"url":"https:\/\/tramwaygatineauottawa.ca\/wp-content\/uploads\/2022\/06\/banner-scaled.jpg","type":"","width":"","height":""}],"twitter_card":"summary_large_image","twitter_misc":{"Est. reading time":"2 minutes"},"schema":{"@context":"https:\/\/schema.org","@graph":[{"@type":"WebPage","@id":"https:\/\/tramwaygatineauottawa.ca\/en\/trace\/","url":"https:\/\/tramwaygatineauottawa.ca\/en\/trace\/","name":"Circuit - Gatineau-Ottawa tram","isPartOf":{"@id":"https:\/\/tramwaygatineauottawa.ca\/en\/#website"},"primaryImageOfPage":{"@id":"https:\/\/tramwaygatineauottawa.ca\/en\/trace\/#primaryimage"},"image":{"@id":"https:\/\/tramwaygatineauottawa.ca\/en\/trace\/#primaryimage"},"thumbnailUrl":"https:\/\/tramwaygatineauottawa.ca\/wp-content\/uploads\/2022\/06\/banner-scaled.jpg","datePublished":"2023-01-23T20:37:17+00:00","dateModified":"2024-04-10T19:30:22+00:00","breadcrumb":{"@id":"https:\/\/tramwaygatineauottawa.ca\/en\/trace\/#breadcrumb"},"inLanguage":"en-CA","potentialAction":[{"@type":"ReadAction","target":["https:\/\/tramwaygatineauottawa.ca\/en\/trace\/"]}]},{"@type":"ImageObject","inLanguage":"en-CA","@id":"https:\/\/tramwaygatineauottawa.ca\/en\/trace\/#primaryimage","url":"https:\/\/tramwaygatineauottawa.ca\/wp-content\/uploads\/2022\/06\/banner-scaled.jpg","contentUrl":"https:\/\/tramwaygatineauottawa.ca\/wp-content\/uploads\/2022\/06\/banner-scaled.jpg"},{"@type":"BreadcrumbList","@id":"https:\/\/tramwaygatineauottawa.ca\/en\/trace\/#breadcrumb","itemListElement":[{"@type":"ListItem","position":1,"name":"Accueil","item":"https:\/\/tramwaygatineauottawa.ca\/en\/"},{"@type":"ListItem","position":2,"name":"Circuit"}]},{"@type":"WebSite","@id":"https:\/\/tramwaygatineauottawa.ca\/en\/#website","url":"https:\/\/tramwaygatineauottawa.ca\/en\/","name":"Tramway Gatineau-Ottawa","description":"","publisher":{"@id":"https:\/\/tramwaygatineauottawa.ca\/en\/#organization"},"potentialAction":[{"@type":"SearchAction","target":{"@type":"EntryPoint","urlTemplate":"https:\/\/tramwaygatineauottawa.ca\/en\/?s={search_term_string}"},"query-input":{"@type":"PropertyValueSpecification","valueRequired":true,"valueName":"search_term_string"}}],"inLanguage":"en-CA"},{"@type":"Organization","@id":"https:\/\/tramwaygatineauottawa.ca\/en\/#organization","name":"Tramway Gatineau-Ottawa","url":"https:\/\/tramwaygatineauottawa.ca\/en\/","logo":{"@type":"ImageObject","inLanguage":"en-CA","@id":"https:\/\/tramwaygatineauottawa.ca\/en\/#\/schema\/logo\/image\/","url":"https:\/\/tramwaygatineauottawa.ca\/wp-content\/uploads\/2022\/06\/Logo.svg","contentUrl":"https:\/\/tramwaygatineauottawa.ca\/wp-content\/uploads\/2022\/06\/Logo.svg","caption":"Tramway Gatineau-Ottawa"},"image":{"@id":"https:\/\/tramwaygatineauottawa.ca\/en\/#\/schema\/logo\/image\/"},"sameAs":["https:\/\/www.facebook.com\/Tramway-Gatineau-Ottawa-108250335274458","https:\/\/www.youtube.com\/channel\/UCG-j155C6UYBLFRQM2dieKQ","https:\/\/www.linkedin.com\/company\/tramwaygatineauottawa"]}]}},"jetpack_sharing_enabled":true,"publishpress_future_action":{"enabled":false,"date":"2026-04-22 20:24:12","action":"change-status","newStatus":"draft","terms":[],"taxonomy":"translation_priority","extraData":[]},"publishpress_future_workflow_manual_trigger":{"enabledWorkflows":[]},"_links":{"self":[{"href":"https:\/\/tramwaygatineauottawa.ca\/en\/wp-json\/wp\/v2\/pages\/3910","targetHints":{"allow":["GET"]}}],"collection":[{"href":"https:\/\/tramwaygatineauottawa.ca\/en\/wp-json\/wp\/v2\/pages"}],"about":[{"href":"https:\/\/tramwaygatineauottawa.ca\/en\/wp-json\/wp\/v2\/types\/page"}],"author":[{"embeddable":true,"href":"https:\/\/tramwaygatineauottawa.ca\/en\/wp-json\/wp\/v2\/users\/5"}],"replies":[{"embeddable":true,"href":"https:\/\/tramwaygatineauottawa.ca\/en\/wp-json\/wp\/v2\/comments?post=3910"}],"version-history":[{"count":5,"href":"https:\/\/tramwaygatineauottawa.ca\/en\/wp-json\/wp\/v2\/pages\/3910\/revisions"}],"predecessor-version":[{"id":5290,"href":"https:\/\/tramwaygatineauottawa.ca\/en\/wp-json\/wp\/v2\/pages\/3910\/revisions\/5290"}],"wp:attachment":[{"href":"https:\/\/tramwaygatineauottawa.ca\/en\/wp-json\/wp\/v2\/media?parent=3910"}],"curies":[{"name":"wp","href":"https:\/\/api.w.org\/{rel}","templated":true}]}}